{"id":2196,"date":"2022-02-01T10:05:28","date_gmt":"2022-02-01T09:05:28","guid":{"rendered":"https:\/\/diagonalfreezer.de\/?page_id=2196"},"modified":"2022-02-01T11:46:56","modified_gmt":"2022-02-01T10:46:56","slug":"kontakt","status":"publish","type":"page","link":"https:\/\/diagonalfreezer.de\/it\/kontakt\/","title":{"rendered":"Kontakt"},"content":{"rendered":"<section id=\"kontakt\" class=\"container-fluid vntd-section-customcolors section-default-width\"><div class=\"vc_row wpb_row  vc_custom_1643649256940 parallax vc_row-o-content-middle vc_row-flex\"><div class=\"inner\"><div class=\"wpb_column vc_column_container vc_col-sm-6\"><div class=\"vc_column-inner vc_custom_1643470126964\"><div class=\"wpb_wrapper\">\n\t<div class=\"wpb_single_image wpb_content_element vc_align_left  vc_custom_1643710346303\">\n\t\t<div class=\"wpb_wrapper\">\n\t\t\t\n\t\t\t<div class=\"vc_single_image-wrapper   vc_box_border_grey\"><img loading=\"lazy\" decoding=\"async\" class=\"vc_single_image-img \" src=\"https:\/\/diagonalfreezer.de\/wp-content\/uploads\/2022\/01\/frau_mit_Eis-800x1055.jpg\" width=\"800\" height=\"1055\" alt=\"gl\u00fcckliche junge Frau mit Eiswaffel\" title=\"frau_mit_Eis\" \/><\/div>\n\t\t<\/div>\n\t<\/div>\n<\/div><\/div><\/div><div class=\"wpb_column vc_column_container vc_col-sm-6\"><div class=\"vc_column-inner\"><div class=\"wpb_wrapper\">\n\t<div class=\"wpb_text_column wpb_content_element  \" >\n\t\t<div class=\"wpb_wrapper\">\n\t\t\t<h3>JETZT IHRE NEXT DICOM VORBESTELLEN ODER VORF\u00fcHRTERMIN VEREINBAREN!<\/h3>\n\n\t\t<\/div>\n\t<\/div>\n<div class=\"wpforms-container wpforms-container-full\" id=\"wpforms-2142\"><form id=\"wpforms-form-2142\" class=\"wpforms-validate wpforms-form wpforms-ajax-form\" data-formid=\"2142\" method=\"post\" enctype=\"multipart\/form-data\" action=\"\/it\/wp-json\/wp\/v2\/pages\/2196\" data-token=\"573ac49fbdebb0640eb4a63877568a54\" data-token-time=\"1777635515\"><noscript class=\"wpforms-error-noscript\">Abilita JavaScript nel browser per completare questo modulo.<\/noscript><div class=\"wpforms-field-container\"><div id=\"wpforms-2142-field_0-container\" class=\"wpforms-field wpforms-field-name\" data-field-id=\"0\"><label class=\"wpforms-field-label wpforms-label-hide\" for=\"wpforms-2142-field_0\">Name <span class=\"wpforms-required-label\">*<\/span><\/label><div class=\"wpforms-field-row wpforms-field-large\"><div class=\"wpforms-field-row-block wpforms-first wpforms-one-half\"><input type=\"text\" id=\"wpforms-2142-field_0\" class=\"wpforms-field-name-first wpforms-field-required\" name=\"wpforms[fields][0][first]\" placeholder=\"Vorname*\" required><label for=\"wpforms-2142-field_0\" class=\"wpforms-field-sublabel after wpforms-sublabel-hide\">Nome<\/label><\/div><div class=\"wpforms-field-row-block wpforms-one-half\"><input type=\"text\" id=\"wpforms-2142-field_0-last\" class=\"wpforms-field-name-last wpforms-field-required\" name=\"wpforms[fields][0][last]\" placeholder=\"Nachname*\" required><label for=\"wpforms-2142-field_0-last\" class=\"wpforms-field-sublabel after wpforms-sublabel-hide\">Cognome<\/label><\/div><\/div><\/div><div id=\"wpforms-2142-field_1-container\" class=\"wpforms-field wpforms-field-email\" data-field-id=\"1\"><label class=\"wpforms-field-label wpforms-label-hide\" for=\"wpforms-2142-field_1\">Email <span class=\"wpforms-required-label\">*<\/span><\/label><input type=\"email\" id=\"wpforms-2142-field_1\" class=\"wpforms-field-large wpforms-field-required\" name=\"wpforms[fields][1]\" placeholder=\"Email*\" spellcheck=\"false\" required><\/div><div id=\"wpforms-2142-field_5-container\" class=\"wpforms-field wpforms-field-text\" data-field-id=\"5\"><label class=\"wpforms-field-label wpforms-label-hide\" for=\"wpforms-2142-field_5\">Telefon oder mobil <span class=\"wpforms-required-label\">*<\/span><\/label><input type=\"text\" id=\"wpforms-2142-field_5\" class=\"wpforms-field-large wpforms-field-required\" name=\"wpforms[fields][5]\" placeholder=\"Telefon oder mobil*\" required><\/div><div id=\"wpforms-2142-field_7-container\" class=\"wpforms-field wpforms-field-checkbox\" data-field-id=\"7\"><label class=\"wpforms-field-label wpforms-label-hide\">Vorf\u00fchrtermin anfragen<\/label><ul id=\"wpforms-2142-field_7\"><li class=\"choice-1 depth-1\"><input type=\"checkbox\" id=\"wpforms-2142-field_7_1\" name=\"wpforms[fields][7][]\" value=\"Ich m\u00f6chte einen Vorf\u00fchrtermin\"  ><label class=\"wpforms-field-label-inline\" for=\"wpforms-2142-field_7_1\">Ich m\u00f6chte einen Vorf\u00fchrtermin<\/label><\/li><\/ul><\/div><div id=\"wpforms-2142-field_4-container\" class=\"wpforms-field wpforms-field-select wpforms-field-select-style-modern\" data-field-id=\"4\"><label class=\"wpforms-field-label\" for=\"wpforms-2142-field_4\">Welche Kesselgr\u00f6\u00dfe m\u00f6chten Sie vorbestellen?<\/label><select id=\"wpforms-2142-field_4\" class=\"wpforms-field-large choicesjs-select\" data-size-class=\"wpforms-field-row wpforms-field-large\" data-search-enabled=\"1\" name=\"wpforms[fields][4]\"><option value=\"\" class=\"placeholder\" disabled  selected='selected'>- Bitte ausw\u00e4hlen -<\/option><option value=\"NEXT DICOM\u00ae Kesselgr\u00f6\u00dfe 4\"  class=\"choice-1 depth-1\"  >NEXT DICOM\u00ae Kesselgr\u00f6\u00dfe 4<\/option><option value=\"NEXT DICOM\u00ae Kesselgr\u00f6\u00dfe 6\"  class=\"choice-2 depth-1\"  >NEXT DICOM\u00ae Kesselgr\u00f6\u00dfe 6<\/option><option value=\"NEXT DICOM\u00ae Kesselgr\u00f6\u00dfe 7\"  class=\"choice-3 depth-1\"  >NEXT DICOM\u00ae Kesselgr\u00f6\u00dfe 7<\/option><option value=\"NEXT DICOM\u00ae Kesselgr\u00f6\u00dfe 10\"  class=\"choice-4 depth-1\"  >NEXT DICOM\u00ae Kesselgr\u00f6\u00dfe 10<\/option><option value=\"NEXT DICOM\u00ae Kesselgr\u00f6\u00dfe 14\"  class=\"choice-5 depth-1\"  >NEXT DICOM\u00ae Kesselgr\u00f6\u00dfe 14<\/option><option value=\"NEXT DICOM\u00ae Kesselgr\u00f6\u00dfe 16\"  class=\"choice-6 depth-1\"  >NEXT DICOM\u00ae Kesselgr\u00f6\u00dfe 16<\/option><option value=\"NEXT DICOM\u00ae Kesselgr\u00f6\u00dfe 22 (NEU)\"  class=\"choice-7 depth-1\"  >NEXT DICOM\u00ae Kesselgr\u00f6\u00dfe 22 (NEU)<\/option><option value=\"NEXT DICOM\u00ae Kesselgr\u00f6\u00dfe 28 (NEU)\"  class=\"choice-8 depth-1\"  >NEXT DICOM\u00ae Kesselgr\u00f6\u00dfe 28 (NEU)<\/option><\/select><\/div><div id=\"wpforms-2142-field_6-container\" class=\"wpforms-field wpforms-field-text\" data-field-id=\"6\"><label class=\"wpforms-field-label wpforms-label-hide\" for=\"wpforms-2142-field_6\">Anzahl<\/label><input type=\"text\" id=\"wpforms-2142-field_6\" class=\"wpforms-field-large\" name=\"wpforms[fields][6]\" placeholder=\"Anzahl\" ><\/div><div id=\"wpforms-2142-field_2-container\" class=\"wpforms-field wpforms-field-textarea\" data-field-id=\"2\"><label class=\"wpforms-field-label wpforms-label-hide\" for=\"wpforms-2142-field_2\">Ihre Nachricht<\/label><textarea id=\"wpforms-2142-field_2\" class=\"wpforms-field-large\" name=\"wpforms[fields][2]\" placeholder=\"Ihre Nachricht\" ><\/textarea><\/div><\/div><!-- .wpforms-field-container --><div class=\"wpforms-submit-container\" ><input type=\"hidden\" name=\"wpforms[id]\" value=\"2142\"><input type=\"hidden\" name=\"page_title\" value=\"\"><input type=\"hidden\" name=\"page_url\" value=\"https:\/\/diagonalfreezer.de\/it\/wp-json\/wp\/v2\/pages\/2196\"><input type=\"hidden\" name=\"url_referer\" value=\"\"><button type=\"submit\" name=\"wpforms[submit]\" id=\"wpforms-submit-2142\" class=\"wpforms-submit\" data-alt-text=\"... wird gesendet ...\" data-submit-text=\"absenden\" aria-live=\"assertive\" value=\"wpforms-submit\">absenden<\/button><img loading=\"lazy\" decoding=\"async\" src=\"https:\/\/diagonalfreezer.de\/wp-content\/plugins\/wpforms-lite\/assets\/images\/submit-spin.svg\" class=\"wpforms-submit-spinner\" style=\"display: none;\" width=\"26\" height=\"26\" alt=\"Caricamento\"><\/div><\/form><\/div>  <!-- .wpforms-container --><\/div><\/div><\/div><\/div><\/div><\/section>\n","protected":false},"excerpt":{"rendered":"JETZT IHRE NEXT DICOM VORBESTELLEN ODER VORF\u00fcHRTERMIN VEREINBAREN! Abilita JavaScript nel browser per completare questo modulo.Name *NomeCognomeEmail *Telefon oder mobil *Vorf\u00fchrtermin anfragenIch m\u00f6chte einen Vorf\u00fchrterminWelche Kesselgr\u00f6\u00dfe m\u00f6chten Sie vorbestellen?- Bitte ausw\u00e4hlen -NEXT DICOM\u00ae Kesselgr\u00f6\u00dfe 4NEXT DICOM\u00ae Kesselgr\u00f6\u00dfe 6NEXT DICOM\u00ae Kesselgr\u00f6\u00dfe 7NEXT DICOM\u00ae Kesselgr\u00f6\u00dfe 10NEXT DICOM\u00ae Kesselgr\u00f6\u00dfe 14NEXT DICOM\u00ae Kesselgr\u00f6\u00dfe 16NEXT DICOM\u00ae Kesselgr\u00f6\u00dfe 22 (NEU)NEXT DICOM\u00ae Kesselgr\u00f6\u00dfe 28 (NEU)AnzahlIhre Nachrichtabsenden","protected":false},"author":2,"featured_media":0,"parent":0,"menu_order":0,"comment_status":"open","ping_status":"open","template":"template-onepager.php","meta":{"footnotes":""},"class_list":["post-2196","page","type-page","status-publish","hentry"],"yoast_head":"<!-- This site is optimized with the Yoast SEO plugin v27.5 - https:\/\/yoast.com\/product\/yoast-seo-wordpress\/ -->\n<title>Kontakt - Diagonalfreezer<\/title>\n<meta name=\"robots\" content=\"index, follow, max-snippet:-1, max-image-preview:large, max-video-preview:-1\" \/>\n<link rel=\"canonical\" href=\"https:\/\/diagonalfreezer.de\/it\/kontakt\/\" \/>\n<meta property=\"og:locale\" content=\"it_IT\" \/>\n<meta property=\"og:type\" content=\"article\" \/>\n<meta property=\"og:title\" content=\"Kontakt - Diagonalfreezer\" \/>\n<meta property=\"og:url\" content=\"https:\/\/diagonalfreezer.de\/it\/kontakt\/\" \/>\n<meta property=\"og:site_name\" content=\"Diagonalfreezer\" \/>\n<meta property=\"article:modified_time\" content=\"2022-02-01T10:46:56+00:00\" \/>\n<meta name=\"twitter:card\" content=\"summary_large_image\" \/>\n<script type=\"application\/ld+json\" class=\"yoast-schema-graph\">{\"@context\":\"https:\\\/\\\/schema.org\",\"@graph\":[{\"@type\":\"WebPage\",\"@id\":\"https:\\\/\\\/diagonalfreezer.de\\\/kontakt\\\/\",\"url\":\"https:\\\/\\\/diagonalfreezer.de\\\/kontakt\\\/\",\"name\":\"Kontakt - Diagonalfreezer\",\"isPartOf\":{\"@id\":\"https:\\\/\\\/diagonalfreezer.de\\\/#website\"},\"datePublished\":\"2022-02-01T09:05:28+00:00\",\"dateModified\":\"2022-02-01T10:46:56+00:00\",\"breadcrumb\":{\"@id\":\"https:\\\/\\\/diagonalfreezer.de\\\/kontakt\\\/#breadcrumb\"},\"inLanguage\":\"it-IT\",\"potentialAction\":[{\"@type\":\"ReadAction\",\"target\":[\"https:\\\/\\\/diagonalfreezer.de\\\/kontakt\\\/\"]}]},{\"@type\":\"BreadcrumbList\",\"@id\":\"https:\\\/\\\/diagonalfreezer.de\\\/kontakt\\\/#breadcrumb\",\"itemListElement\":[{\"@type\":\"ListItem\",\"position\":1,\"name\":\"Startseite\",\"item\":\"https:\\\/\\\/diagonalfreezer.de\\\/\"},{\"@type\":\"ListItem\",\"position\":2,\"name\":\"Kontakt\"}]},{\"@type\":\"WebSite\",\"@id\":\"https:\\\/\\\/diagonalfreezer.de\\\/#website\",\"url\":\"https:\\\/\\\/diagonalfreezer.de\\\/\",\"name\":\"Diagonalfreezer\",\"description\":\"\",\"potentialAction\":[{\"@type\":\"SearchAction\",\"target\":{\"@type\":\"EntryPoint\",\"urlTemplate\":\"https:\\\/\\\/diagonalfreezer.de\\\/?s={search_term_string}\"},\"query-input\":{\"@type\":\"PropertyValueSpecification\",\"valueRequired\":true,\"valueName\":\"search_term_string\"}}],\"inLanguage\":\"it-IT\"}]}<\/script>\n<!-- \/ Yoast SEO plugin. -->","yoast_head_json":{"title":"Kontakt - Diagonalfreezer","robots":{"index":"index","follow":"follow","max-snippet":"max-snippet:-1","max-image-preview":"max-image-preview:large","max-video-preview":"max-video-preview:-1"},"canonical":"https:\/\/diagonalfreezer.de\/it\/kontakt\/","og_locale":"it_IT","og_type":"article","og_title":"Kontakt - Diagonalfreezer","og_url":"https:\/\/diagonalfreezer.de\/it\/kontakt\/","og_site_name":"Diagonalfreezer","article_modified_time":"2022-02-01T10:46:56+00:00","twitter_card":"summary_large_image","schema":{"@context":"https:\/\/schema.org","@graph":[{"@type":"WebPage","@id":"https:\/\/diagonalfreezer.de\/kontakt\/","url":"https:\/\/diagonalfreezer.de\/kontakt\/","name":"Kontakt - Diagonalfreezer","isPartOf":{"@id":"https:\/\/diagonalfreezer.de\/#website"},"datePublished":"2022-02-01T09:05:28+00:00","dateModified":"2022-02-01T10:46:56+00:00","breadcrumb":{"@id":"https:\/\/diagonalfreezer.de\/kontakt\/#breadcrumb"},"inLanguage":"it-IT","potentialAction":[{"@type":"ReadAction","target":["https:\/\/diagonalfreezer.de\/kontakt\/"]}]},{"@type":"BreadcrumbList","@id":"https:\/\/diagonalfreezer.de\/kontakt\/#breadcrumb","itemListElement":[{"@type":"ListItem","position":1,"name":"Startseite","item":"https:\/\/diagonalfreezer.de\/"},{"@type":"ListItem","position":2,"name":"Kontakt"}]},{"@type":"WebSite","@id":"https:\/\/diagonalfreezer.de\/#website","url":"https:\/\/diagonalfreezer.de\/","name":"Diagonalfreezer","description":"","potentialAction":[{"@type":"SearchAction","target":{"@type":"EntryPoint","urlTemplate":"https:\/\/diagonalfreezer.de\/?s={search_term_string}"},"query-input":{"@type":"PropertyValueSpecification","valueRequired":true,"valueName":"search_term_string"}}],"inLanguage":"it-IT"}]}},"_links":{"self":[{"href":"https:\/\/diagonalfreezer.de\/it\/wp-json\/wp\/v2\/pages\/2196","targetHints":{"allow":["GET"]}}],"collection":[{"href":"https:\/\/diagonalfreezer.de\/it\/wp-json\/wp\/v2\/pages"}],"about":[{"href":"https:\/\/diagonalfreezer.de\/it\/wp-json\/wp\/v2\/types\/page"}],"author":[{"embeddable":true,"href":"https:\/\/diagonalfreezer.de\/it\/wp-json\/wp\/v2\/users\/2"}],"replies":[{"embeddable":true,"href":"https:\/\/diagonalfreezer.de\/it\/wp-json\/wp\/v2\/comments?post=2196"}],"version-history":[{"count":9,"href":"https:\/\/diagonalfreezer.de\/it\/wp-json\/wp\/v2\/pages\/2196\/revisions"}],"predecessor-version":[{"id":2232,"href":"https:\/\/diagonalfreezer.de\/it\/wp-json\/wp\/v2\/pages\/2196\/revisions\/2232"}],"wp:attachment":[{"href":"https:\/\/diagonalfreezer.de\/it\/wp-json\/wp\/v2\/media?parent=2196"}],"curies":[{"name":"wp","href":"https:\/\/api.w.org\/{rel}","templated":true}]}}